{"id":28469,"date":"2021-09-14T21:08:28","date_gmt":"2021-09-14T21:08:28","guid":{"rendered":"https:\/\/sharief.wpengine.com\/novedades-sobre-la-campana\/"},"modified":"2022-03-24T16:49:06","modified_gmt":"2022-03-24T16:49:06","slug":"novedades-sobre-la-campana","status":"publish","type":"page","link":"https:\/\/shariefforflorida.mydevapps.com\/es\/novedades-sobre-la-campana\/","title":{"rendered":"Novedades sobre la campa\u00f1a"},"content":{"rendered":"\t\t<div data-elementor-type=\"wp-page\" data-elementor-id=\"28469\" class=\"elementor elementor-28469 elementor-18891\">\n\t\t\t\t\t\t<section class=\"elementor-section elementor-top-section elementor-element elementor-element-10ce434 elementor-section-boxed elementor-section-height-default elementor-section-height-default\" data-id=\"10ce434\" data-element_type=\"section\" data-e-type=\"section\" data-settings=\"{&quot;background_background&quot;:&quot;classic&quot;}\">\n\t\t\t\t\t\t\t<div class=\"elementor-background-overlay\"><\/div>\n\t\t\t\t\t\t\t<div class=\"elementor-container elementor-column-gap-default\">\n\t\t\t\t\t<div class=\"elementor-column elementor-col-50 elementor-top-column elementor-element elementor-element-2520f57\" data-id=\"2520f57\" data-element_type=\"column\" data-e-type=\"column\">\n\t\t\t<div class=\"elementor-widget-wrap elementor-element-populated\">\n\t\t\t\t\t\t<div class=\"elementor-element elementor-element-b27aa10 elementor-widget elementor-widget-heading\" data-id=\"b27aa10\" data-element_type=\"widget\" data-e-type=\"widget\" data-widget_type=\"heading.default\">\n\t\t\t\t\t<h3 class=\"elementor-heading-title elementor-size-default\">Barbara Sharief<\/h3>\t\t\t\t<\/div>\n\t\t\t\t<div class=\"elementor-element elementor-element-e10dfce elementor-widget elementor-widget-heading\" data-id=\"e10dfce\" data-element_type=\"widget\" data-e-type=\"widget\" data-widget_type=\"heading.default\">\n\t\t\t\t\t<h1 class=\"elementor-heading-title elementor-size-default\">Novedades sobre la campa\u00f1a<\/h1>\t\t\t\t<\/div>\n\t\t\t\t\t<\/div>\n\t\t<\/div>\n\t\t\t\t<div class=\"elementor-column elementor-col-50 elementor-top-column elementor-element elementor-element-cca47d3\" data-id=\"cca47d3\" data-element_type=\"column\" data-e-type=\"column\">\n\t\t\t<div class=\"elementor-widget-wrap\">\n\t\t\t\t\t\t\t<\/div>\n\t\t<\/div>\n\t\t\t\t\t<\/div>\n\t\t<\/section>\n\t\t\t\t<section class=\"elementor-section elementor-top-section elementor-element elementor-element-f74769f elementor-section-boxed elementor-section-height-default elementor-section-height-default\" data-id=\"f74769f\" data-element_type=\"section\" data-e-type=\"section\" data-settings=\"{&quot;background_background&quot;:&quot;classic&quot;}\">\n\t\t\t\t\t\t\t<div class=\"elementor-background-overlay\"><\/div>\n\t\t\t\t\t\t\t<div class=\"elementor-container elementor-column-gap-no\">\n\t\t\t\t\t<div class=\"elementor-column elementor-col-100 elementor-top-column elementor-element elementor-element-2b2814fd\" data-id=\"2b2814fd\" data-element_type=\"column\" data-e-type=\"column\">\n\t\t\t<div class=\"elementor-widget-wrap elementor-element-populated\">\n\t\t\t\t\t\t<div class=\"elementor-element elementor-element-627f5c4 elementor-widget elementor-widget-text-editor\" data-id=\"627f5c4\" data-element_type=\"widget\" data-e-type=\"widget\" data-widget_type=\"text-editor.default\">\n\t\t\t\t\t\t\t\t\tTallahassee est\u00e1 quebrada y no sirve a la gente de Florida, sino a intereses especiales y agendas de la derecha. La Dra. Barbara Sharief comprende personalmente las dificultades que enfrentan las familias aqu\u00ed porque ella las ha atravesado. Despu\u00e9s de la muerte de su padre a causa de la violencia armada, fue realmente dif\u00edcil llegar a fin de mes. Pero la Dra. Sharief nunca se dio por vencida. Con la ayuda de los bancos de alimentos y trabajando como empleada en una tienda y como mesera, logr\u00f3 cursar la escuela de enfermer\u00eda. M\u00e1s tarde, comenz\u00f3 su propio negocio, en el que cree firmemente en cuidar a sus empleados, ofreci\u00e9ndoles atenci\u00f3n m\u00e9dica gratuita y fondos de ahorro para emergencias. En Tallahassee, cuidar\u00e1 de las familias y de los trabajadores como lo hace con los suyos: luchando por un salario m\u00ednimo de $15 para que puedas mantener a tu familia, licencia familiar y m\u00e9dica paga y atenci\u00f3n m\u00e9dica m\u00e1s asequible. Ella nunca dejar\u00e1 de trabajar para ti.\t\t\t\t\t\t\t\t<\/div>\n\t\t\t\t<div class=\"elementor-element elementor-element-20fc184 elementor-widget elementor-widget-text-editor\" data-id=\"20fc184\" data-element_type=\"widget\" data-e-type=\"widget\" data-widget_type=\"text-editor.default\">\n\t\t\t\t\t\t\t\t\t<ul>\n \t<li>La Dra. Barbara Sharief conoce la importancia de un sistema electoral justo. Ha sido una firme defensora de la protecci\u00f3n de los derechos de los votantes y la eliminaci\u00f3n de obst\u00e1culos para votar. En Tallahassee, luchar\u00e1 contra cualquier injusticia republicana que dificulte que las personas de color voten, asegur\u00e1ndose de que el sistema sea justo y representativo para todos.<\/li>\n\n \t<li>Como propietaria de un negocio, Sharief comprende la importancia de la clase media y los trabajadores con salario m\u00ednimo, raz\u00f3n por la cual brinda s\u00f3lidos beneficios de salud y licencia familiar, incluidos fondos de ahorro para emergencias para que sus empleados los utilicen para cualquier gasto imprevisto. Sharief trabajar\u00e1 para aumentar el salario m\u00ednimo federal a $15 por hora y expandir los beneficios de licencia familiar y m\u00e9dica para todos.<\/li>\n\n \t<li>La Dra. Sharief ha servido a la comunidad durante los \u00faltimos 29 a\u00f1os como enfermera y funcionaria electa.<\/li>\n<\/ul>\t\t\t\t\t\t\t\t<\/div>\n\t\t\t\t\t<\/div>\n\t\t<\/div>\n\t\t\t\t\t<\/div>\n\t\t<\/section>\n\t\t\t\t<section class=\"elementor-section elementor-top-section elementor-element elementor-element-4089ee93 elementor-hidden-desktop elementor-hidden-tablet elementor-hidden-mobile elementor-section-boxed elementor-section-height-default elementor-section-height-default\" data-id=\"4089ee93\" data-element_type=\"section\" data-e-type=\"section\" data-settings=\"{&quot;background_background&quot;:&quot;classic&quot;}\">\n\t\t\t\t\t\t\t<div class=\"elementor-background-overlay\"><\/div>\n\t\t\t\t\t\t\t<div class=\"elementor-container elementor-column-gap-default\">\n\t\t\t\t\t<div class=\"elementor-column elementor-col-50 elementor-top-column elementor-element elementor-element-40047d1b\" data-id=\"40047d1b\" data-element_type=\"column\" data-e-type=\"column\">\n\t\t\t<div class=\"elementor-widget-wrap elementor-element-populated\">\n\t\t\t\t\t\t<div class=\"elementor-element elementor-element-246e992e elementor-widget elementor-widget-video\" data-id=\"246e992e\" data-element_type=\"widget\" data-e-type=\"widget\" data-settings=\"{&quot;youtube_url&quot;:&quot;https:\\\/\\\/www.youtube.com\\\/watch?v=oAuS2vDlHng&quot;,&quot;video_type&quot;:&quot;youtube&quot;,&quot;controls&quot;:&quot;yes&quot;}\" data-widget_type=\"video.default\">\n\t\t\t\t\t\t\t<div class=\"elementor-wrapper elementor-open-inline\">\n\t\t\t<div class=\"elementor-video\"><\/div>\t\t<\/div>\n\t\t\t\t\t\t<\/div>\n\t\t\t\t\t<\/div>\n\t\t<\/div>\n\t\t\t\t<div class=\"elementor-column elementor-col-50 elementor-top-column elementor-element elementor-element-15f29b1\" data-id=\"15f29b1\" data-element_type=\"column\" data-e-type=\"column\">\n\t\t\t<div class=\"elementor-widget-wrap elementor-element-populated\">\n\t\t\t\t\t\t<div class=\"elementor-element elementor-element-10975c2 elementor-widget elementor-widget-video\" data-id=\"10975c2\" data-element_type=\"widget\" data-e-type=\"widget\" data-settings=\"{&quot;youtube_url&quot;:&quot;https:\\\/\\\/www.youtube.com\\\/watch?v=4oChtz1hG2A&quot;,&quot;video_type&quot;:&quot;youtube&quot;,&quot;controls&quot;:&quot;yes&quot;}\" data-widget_type=\"video.default\">\n\t\t\t\t\t\t\t<div class=\"elementor-wrapper elementor-open-inline\">\n\t\t\t<div class=\"elementor-video\"><\/div>\t\t<\/div>\n\t\t\t\t\t\t<\/div>\n\t\t\t\t\t<\/div>\n\t\t<\/div>\n\t\t\t\t\t<\/div>\n\t\t<\/section>\n\t\t\t\t<\/div>\n\t\t","protected":false},"excerpt":{"rendered":"<p>Barbara Sharief Novedades sobre la campa\u00f1a Tallahassee est\u00e1 quebrada y no sirve a la gente de Florida, sino a intereses especiales y agendas de la derecha. La Dra. Barbara Sharief comprende personalmente las dificultades que enfrentan las familias aqu\u00ed porque ella las ha atravesado. Despu\u00e9s de la muerte de su padre a causa de la [&hellip;]<\/p>\n","protected":false},"author":13,"featured_media":0,"parent":0,"menu_order":0,"comment_status":"closed","ping_status":"closed","template":"elementor_header_footer","meta":{"footnotes":""},"class_list":["post-28469","page","type-page","status-publish","hentry"],"yoast_head":"<!-- This site is optimized with the Yoast SEO plugin v27.5 - https:\/\/yoast.com\/product\/yoast-seo-wordpress\/ -->\n<title>Novedades sobre la campa\u00f1a - Barbara Sharief<\/title>\n<meta name=\"robots\" content=\"index, follow, max-snippet:-1, max-image-preview:large, max-video-preview:-1\" \/>\n<link rel=\"canonical\" href=\"https:\/\/shariefforflorida.mydevapps.com\/campiagn-updates\/\" \/>\n<meta property=\"og:locale\" content=\"es_ES\" \/>\n<meta property=\"og:type\" content=\"article\" \/>\n<meta property=\"og:title\" content=\"Novedades sobre la campa\u00f1a - Barbara Sharief\" \/>\n<meta property=\"og:description\" content=\"Barbara Sharief Novedades sobre la campa\u00f1a Tallahassee est\u00e1 quebrada y no sirve a la gente de Florida, sino a intereses especiales y agendas de la derecha. La Dra. Barbara Sharief comprende personalmente las dificultades que enfrentan las familias aqu\u00ed porque ella las ha atravesado. Despu\u00e9s de la muerte de su padre a causa de la [&hellip;]\" \/>\n<meta property=\"og:url\" content=\"https:\/\/shariefforflorida.mydevapps.com\/campiagn-updates\/\" \/>\n<meta property=\"og:site_name\" content=\"Barbara Sharief\" \/>\n<meta property=\"article:modified_time\" content=\"2022-03-24T16:49:06+00:00\" \/>\n<meta property=\"og:image\" content=\"https:\/\/shariefforflorida.mydevapps.com\/wp-content\/uploads\/2022\/03\/featured-image.jpg\" \/>\n\t<meta property=\"og:image:width\" content=\"1920\" \/>\n\t<meta property=\"og:image:height\" content=\"1080\" \/>\n\t<meta property=\"og:image:type\" content=\"image\/jpeg\" \/>\n<meta name=\"twitter:card\" content=\"summary_large_image\" \/>\n<meta name=\"twitter:label1\" content=\"Tiempo de lectura\" \/>\n\t<meta name=\"twitter:data1\" content=\"2 minutos\" \/>\n<script type=\"application\/ld+json\" class=\"yoast-schema-graph\">{\"@context\":\"https:\\\/\\\/schema.org\",\"@graph\":[{\"@type\":\"WebPage\",\"@id\":\"https:\\\/\\\/shariefforflorida.mydevapps.com\\\/campiagn-updates\\\/\",\"url\":\"https:\\\/\\\/shariefforflorida.mydevapps.com\\\/campiagn-updates\\\/\",\"name\":\"Novedades sobre la campa\u00f1a - Barbara Sharief\",\"isPartOf\":{\"@id\":\"https:\\\/\\\/shariefforflorida.mydevapps.com\\\/#website\"},\"datePublished\":\"2021-09-14T21:08:28+00:00\",\"dateModified\":\"2022-03-24T16:49:06+00:00\",\"breadcrumb\":{\"@id\":\"https:\\\/\\\/shariefforflorida.mydevapps.com\\\/campiagn-updates\\\/#breadcrumb\"},\"inLanguage\":\"es\",\"potentialAction\":[{\"@type\":\"ReadAction\",\"target\":[\"https:\\\/\\\/shariefforflorida.mydevapps.com\\\/campiagn-updates\\\/\"]}]},{\"@type\":\"BreadcrumbList\",\"@id\":\"https:\\\/\\\/shariefforflorida.mydevapps.com\\\/campiagn-updates\\\/#breadcrumb\",\"itemListElement\":[{\"@type\":\"ListItem\",\"position\":1,\"name\":\"Home\",\"item\":\"https:\\\/\\\/shariefforflorida.mydevapps.com\\\/\"},{\"@type\":\"ListItem\",\"position\":2,\"name\":\"Novedades sobre la campa\u00f1a\"}]},{\"@type\":\"WebSite\",\"@id\":\"https:\\\/\\\/shariefforflorida.mydevapps.com\\\/#website\",\"url\":\"https:\\\/\\\/shariefforflorida.mydevapps.com\\\/\",\"name\":\"Barbara Sharief\",\"description\":\"\",\"potentialAction\":[{\"@type\":\"SearchAction\",\"target\":{\"@type\":\"EntryPoint\",\"urlTemplate\":\"https:\\\/\\\/shariefforflorida.mydevapps.com\\\/?s={search_term_string}\"},\"query-input\":{\"@type\":\"PropertyValueSpecification\",\"valueRequired\":true,\"valueName\":\"search_term_string\"}}],\"inLanguage\":\"es\"}]}<\/script>\n<!-- \/ Yoast SEO plugin. -->","yoast_head_json":{"title":"Novedades sobre la campa\u00f1a - Barbara Sharief","robots":{"index":"index","follow":"follow","max-snippet":"max-snippet:-1","max-image-preview":"max-image-preview:large","max-video-preview":"max-video-preview:-1"},"canonical":"https:\/\/shariefforflorida.mydevapps.com\/campiagn-updates\/","og_locale":"es_ES","og_type":"article","og_title":"Novedades sobre la campa\u00f1a - Barbara Sharief","og_description":"Barbara Sharief Novedades sobre la campa\u00f1a Tallahassee est\u00e1 quebrada y no sirve a la gente de Florida, sino a intereses especiales y agendas de la derecha. La Dra. Barbara Sharief comprende personalmente las dificultades que enfrentan las familias aqu\u00ed porque ella las ha atravesado. Despu\u00e9s de la muerte de su padre a causa de la [&hellip;]","og_url":"https:\/\/shariefforflorida.mydevapps.com\/campiagn-updates\/","og_site_name":"Barbara Sharief","article_modified_time":"2022-03-24T16:49:06+00:00","og_image":[{"width":1920,"height":1080,"url":"https:\/\/shariefforflorida.mydevapps.com\/wp-content\/uploads\/2022\/03\/featured-image.jpg","type":"image\/jpeg"}],"twitter_card":"summary_large_image","twitter_misc":{"Tiempo de lectura":"2 minutos"},"schema":{"@context":"https:\/\/schema.org","@graph":[{"@type":"WebPage","@id":"https:\/\/shariefforflorida.mydevapps.com\/campiagn-updates\/","url":"https:\/\/shariefforflorida.mydevapps.com\/campiagn-updates\/","name":"Novedades sobre la campa\u00f1a - Barbara Sharief","isPartOf":{"@id":"https:\/\/shariefforflorida.mydevapps.com\/#website"},"datePublished":"2021-09-14T21:08:28+00:00","dateModified":"2022-03-24T16:49:06+00:00","breadcrumb":{"@id":"https:\/\/shariefforflorida.mydevapps.com\/campiagn-updates\/#breadcrumb"},"inLanguage":"es","potentialAction":[{"@type":"ReadAction","target":["https:\/\/shariefforflorida.mydevapps.com\/campiagn-updates\/"]}]},{"@type":"BreadcrumbList","@id":"https:\/\/shariefforflorida.mydevapps.com\/campiagn-updates\/#breadcrumb","itemListElement":[{"@type":"ListItem","position":1,"name":"Home","item":"https:\/\/shariefforflorida.mydevapps.com\/"},{"@type":"ListItem","position":2,"name":"Novedades sobre la campa\u00f1a"}]},{"@type":"WebSite","@id":"https:\/\/shariefforflorida.mydevapps.com\/#website","url":"https:\/\/shariefforflorida.mydevapps.com\/","name":"Barbara Sharief","description":"","potentialAction":[{"@type":"SearchAction","target":{"@type":"EntryPoint","urlTemplate":"https:\/\/shariefforflorida.mydevapps.com\/?s={search_term_string}"},"query-input":{"@type":"PropertyValueSpecification","valueRequired":true,"valueName":"search_term_string"}}],"inLanguage":"es"}]}},"_links":{"self":[{"href":"https:\/\/shariefforflorida.mydevapps.com\/es\/wp-json\/wp\/v2\/pages\/28469","targetHints":{"allow":["GET"]}}],"collection":[{"href":"https:\/\/shariefforflorida.mydevapps.com\/es\/wp-json\/wp\/v2\/pages"}],"about":[{"href":"https:\/\/shariefforflorida.mydevapps.com\/es\/wp-json\/wp\/v2\/types\/page"}],"author":[{"embeddable":true,"href":"https:\/\/shariefforflorida.mydevapps.com\/es\/wp-json\/wp\/v2\/users\/13"}],"replies":[{"embeddable":true,"href":"https:\/\/shariefforflorida.mydevapps.com\/es\/wp-json\/wp\/v2\/comments?post=28469"}],"version-history":[{"count":0,"href":"https:\/\/shariefforflorida.mydevapps.com\/es\/wp-json\/wp\/v2\/pages\/28469\/revisions"}],"wp:attachment":[{"href":"https:\/\/shariefforflorida.mydevapps.com\/es\/wp-json\/wp\/v2\/media?parent=28469"}],"curies":[{"name":"wp","href":"https:\/\/api.w.org\/{rel}","templated":true}]}}